{"id":5689,"date":"2024-12-23T15:46:13","date_gmt":"2024-12-23T07:46:13","guid":{"rendered":"https:\/\/workshopdoor.com\/?page_id=5689"},"modified":"2024-12-30T13:49:01","modified_gmt":"2024-12-30T05:49:01","slug":"porta-de-enrolar-rapida-2","status":"publish","type":"page","link":"https:\/\/workshopdoor.com\/pt\/fast-roller-shutter-door\/","title":{"rendered":"Porta de A\u00e7\u00e3o R\u00e1pida Enrol\u00e1vel"},"content":{"rendered":"\t\t<div data-elementor-type=\"wp-page\" data-elementor-id=\"5689\" class=\"elementor elementor-5689\" data-elementor-post-type=\"page\">\n\t\t\t\t<div class=\"elementor-element elementor-element-f06d34c e-con-full e-flex e-con e-parent\" data-id=\"f06d34c\" data-element_type=\"container\" data-settings=\"{&quot;background_background&quot;:&quot;classic&quot;,&quot;background_motion_fx_motion_fx_scrolling&quot;:&quot;yes&quot;,&quot;background_motion_fx_devices&quot;:[&quot;desktop&quot;,&quot;tablet&quot;,&quot;mobile&quot;]}\">\n\t\t\t\t<div class=\"elementor-element elementor-element-825d178 elementor-widget elementor-widget-heading\" data-id=\"825d178\" data-element_type=\"widget\" data-widget_type=\"heading.default\">\n\t\t\t\t\t<h1 class=\"elementor-heading-title elementor-size-default\">SEPPES Fast Roller Shutter Door<\/h1>\t\t\t\t<\/div>\n\t\t\t\t<div class=\"elementor-element elementor-element-ee0c8e6 elementor-widget elementor-widget-heading\" data-id=\"ee0c8e6\" data-element_type=\"widget\" data-widget_type=\"heading.default\">\n\t\t\t\t\t<h2 class=\"elementor-heading-title elementor-size-default\">Engineered for Speed, Durability, and High-Performance Access<\/h2>\t\t\t\t<\/div>\n\t\t\t\t<\/div>\n\t\t<div class=\"elementor-element elementor-element-884db5a e-flex e-con-boxed e-con e-parent\" data-id=\"884db5a\" data-element_type=\"container\">\n\t\t\t\t\t<div class=\"e-con-inner\">\n\t\t\t\t<div class=\"elementor-element elementor-element-db8ccf3 elementor-widget elementor-widget-text-editor\" data-id=\"db8ccf3\" data-element_type=\"widget\" data-widget_type=\"text-editor.default\">\n\t\t\t\t\t\t\t\t\t<p>The <strong>Fast Roller Shutter Door<\/strong> is designed for environments that demand quick, efficient, and secure access. With its high-speed opening and closing capabilities, this door provides rapid entry and exit, reducing wait times and improving workflow efficiency in busy industrial and commercial spaces.<\/p>\t\t\t\t\t\t\t\t<\/div>\n\t\t\t\t\t<\/div>\n\t\t\t\t<\/div>\n\t\t<div class=\"elementor-element elementor-element-15afdcc e-flex e-con-boxed e-con e-parent\" data-id=\"15afdcc\" data-element_type=\"container\">\n\t\t\t\t\t<div class=\"e-con-inner\">\n\t\t<div class=\"elementor-element elementor-element-f115604 e-con-full e-flex e-con e-child\" data-id=\"f115604\" data-element_type=\"container\" data-settings=\"{&quot;background_background&quot;:&quot;classic&quot;}\">\n\t\t<div class=\"elementor-element elementor-element-78ad4c9 e-con-full e-flex e-con e-child\" data-id=\"78ad4c9\" data-element_type=\"container\">\n\t\t\t\t<div class=\"elementor-element elementor-element-4fc8e58 elementor-widget elementor-widget-heading\" data-id=\"4fc8e58\" data-element_type=\"widget\" data-widget_type=\"heading.default\">\n\t\t\t\t\t<h3 class=\"elementor-heading-title elementor-size-default\">Get The Best Fast Roller Shutter Door for Your Building!<\/h3>\t\t\t\t<\/div>\n\t\t\t\t<div class=\"elementor-element elementor-element-51927ac elementor-widget elementor-widget-text-editor\" data-id=\"51927ac\" data-element_type=\"widget\" data-widget_type=\"text-editor.default\">\n\t\t\t\t\t\t\t\t\t<p>One out of every seven Fortune 500 companies chooses SEPPES<\/p>\t\t\t\t\t\t\t\t<\/div>\n\t\t\t\t<\/div>\n\t\t<div class=\"elementor-element elementor-element-78ae44c e-con-full e-flex e-con e-child\" data-id=\"78ae44c\" data-element_type=\"container\">\n\t\t\t\t<div class=\"elementor-element elementor-element-4005ded elementor-align-center elementor-widget elementor-widget-button\" data-id=\"4005ded\" data-element_type=\"widget\" data-widget_type=\"button.default\">\n\t\t\t\t\t\t\t\t\t\t<a class=\"elementor-button elementor-button-link elementor-size-sm\" href=\"#elementor-action%3Aaction%3Dpopup%3Aopen%26settings%3DeyJpZCI6IjE4OTkiLCJ0b2dnbGUiOmZhbHNlfQ%3D%3D\">\n\t\t\t\t\t\t<span class=\"elementor-button-content-wrapper\">\n\t\t\t\t\t\t\t\t\t<span class=\"elementor-button-text\">Contact  Us<\/span>\n\t\t\t\t\t<\/span>\n\t\t\t\t\t<\/a>\n\t\t\t\t\t\t\t\t<\/div>\n\t\t\t\t<\/div>\n\t\t\t\t<\/div>\n\t\t\t\t\t<\/div>\n\t\t\t\t<\/div>\n\t\t<div class=\"elementor-element elementor-element-658173d e-flex e-con-boxed e-con e-parent\" data-id=\"658173d\" data-element_type=\"container\">\n\t\t\t\t\t<div class=\"e-con-inner\">\n\t\t\t\t<div class=\"elementor-element elementor-element-211af54 elementor-widget elementor-widget-heading\" data-id=\"211af54\" data-element_type=\"widget\" data-widget_type=\"heading.default\">\n\t\t\t\t\t<h2 class=\"elementor-heading-title elementor-size-default\">Key Features:<\/h2>\t\t\t\t<\/div>\n\t\t\t\t\t<\/div>\n\t\t\t\t<\/div>\n\t\t<div class=\"elementor-element elementor-element-329b043 e-flex e-con-boxed e-con e-parent\" data-id=\"329b043\" data-element_type=\"container\">\n\t\t\t\t\t<div class=\"e-con-inner\">\n\t\t\t\t<div class=\"elementor-element elementor-element-fa71361 elementor-widget elementor-widget-text-editor\" data-id=\"fa71361\" data-element_type=\"widget\" data-widget_type=\"text-editor.default\">\n\t\t\t\t\t\t\t\t\t<ul><li><strong>High-Speed Operation<\/strong>: Opens and closes at speeds up to <strong>2.0 meters per second<\/strong>, ensuring minimal downtime and quick transitions.<\/li><li><strong>Durable Construction<\/strong>: Built with high-strength, corrosion-resistant materials to withstand heavy use in high-traffic areas.<\/li><li><strong>Self-Healing Curtain<\/strong>: Automatically realigns after impacts, ensuring consistent performance with minimal maintenance.<\/li><li><strong>Energy-Efficient<\/strong>: The door\u2019s tight seals reduce air transfer, helping maintain internal temperatures and reduce energy costs.<\/li><li><strong>Safety Features<\/strong>: Equipped with a soft bottom edge that flexes around obstacles to prevent damage and improve safety.<\/li><li><strong>Low Maintenance<\/strong>: Designed for long-term performance with minimal upkeep, reducing operational costs.<\/li><\/ul>\t\t\t\t\t\t\t\t<\/div>\n\t\t\t\t\t<\/div>\n\t\t\t\t<\/div>\n\t\t<div class=\"elementor-element elementor-element-a3364d1 e-flex e-con-boxed e-con e-parent\" data-id=\"a3364d1\" data-element_type=\"container\">\n\t\t\t\t\t<div class=\"e-con-inner\">\n\t\t\t\t<div class=\"elementor-element elementor-element-4b27749 elementor-widget elementor-widget-image\" data-id=\"4b27749\" data-element_type=\"widget\" data-widget_type=\"image.default\">\n\t\t\t\t\t\t\t\t\t\t\t\t\t\t\t<img fetchpriority=\"high\" decoding=\"async\" width=\"600\" height=\"400\" src=\"https:\/\/workshopdoor.com\/wp-content\/uploads\/2024\/12\/rapid-roller-shutter-door.jpg\" class=\"attachment-large size-large wp-image-5698\" alt=\"Fast Roller Shutter Door\" srcset=\"https:\/\/workshopdoor.com\/wp-content\/uploads\/2024\/12\/rapid-roller-shutter-door.jpg 600w, https:\/\/workshopdoor.com\/wp-content\/uploads\/2024\/12\/rapid-roller-shutter-door-300x200.jpg 300w\" sizes=\"(max-width: 600px) 100vw, 600px\" \/>\t\t\t\t\t\t\t\t\t\t\t\t\t\t\t<\/div>\n\t\t\t\t\t<\/div>\n\t\t\t\t<\/div>\n\t\t<div class=\"elementor-element elementor-element-b73f54e e-flex e-con-boxed e-con e-parent\" data-id=\"b73f54e\" data-element_type=\"container\">\n\t\t\t\t\t<div class=\"e-con-inner\">\n\t\t\t\t<div class=\"elementor-element elementor-element-2936fe0 elementor-widget elementor-widget-heading\" data-id=\"2936fe0\" data-element_type=\"widget\" data-widget_type=\"heading.default\">\n\t\t\t\t\t<h2 class=\"elementor-heading-title elementor-size-default\">Applications of the SEPPES Rapid Roller Shutter Door:<\/h2>\t\t\t\t<\/div>\n\t\t\t\t<div class=\"elementor-element elementor-element-ce1bedb elementor-widget elementor-widget-text-editor\" data-id=\"ce1bedb\" data-element_type=\"widget\" data-widget_type=\"text-editor.default\">\n\t\t\t\t\t\t\t\t\t<p>Ideal for&nbsp;<a href=\"https:\/\/workshopdoor.com\/factory-warehouse\/\" target=\"_blank\">warehouses<\/a>,<a href=\"https:\/\/workshopdoor.com\/manufacturing-plants\/\" target=\"_blank\"> manufacturing plants<\/a>, <strong>loading docks<\/strong>, and <strong>commercial spaces<\/strong>, where quick, secure, and energy-efficient access is critical. Whether you&#8217;re handling goods in a high-traffic environment or managing a production line, the <strong>Fast Roller Shutter Door<\/strong> ensures smooth and reliable operation.<\/p>\t\t\t\t\t\t\t\t<\/div>\n\t\t\t\t\t<\/div>\n\t\t\t\t<\/div>\n\t\t<div class=\"elementor-element elementor-element-b03ff01 e-flex e-con-boxed e-con e-parent\" data-id=\"b03ff01\" data-element_type=\"container\">\n\t\t\t\t\t<div class=\"e-con-inner\">\n\t\t\t\t<div class=\"elementor-element elementor-element-ed8f3f3 elementor-widget elementor-widget-text-editor\" data-id=\"ed8f3f3\" data-element_type=\"widget\" data-widget_type=\"text-editor.default\">\n\t\t\t\t\t\t\t\t\t<p><strong>Fast Roller Shutter Door<\/strong> enhances productivity while ensuring secure, energy-efficient access for any high-traffic space. Get in touch today to learn how our door solutions can optimize your operations.<\/p>\t\t\t\t\t\t\t\t<\/div>\n\t\t\t\t\t<\/div>\n\t\t\t\t<\/div>\n\t\t<div class=\"elementor-element elementor-element-1c092ac e-flex e-con-boxed e-con e-parent\" data-id=\"1c092ac\" data-element_type=\"container\">\n\t\t\t\t\t<div class=\"e-con-inner\">\n\t\t<div class=\"elementor-element elementor-element-7d7f7e4 e-con-full e-flex e-con e-child\" data-id=\"7d7f7e4\" data-element_type=\"container\">\n\t\t<div class=\"elementor-element elementor-element-e73a69b e-con-full e-flex e-con e-child\" data-id=\"e73a69b\" data-element_type=\"container\" data-settings=\"{&quot;background_background&quot;:&quot;classic&quot;}\">\n\t\t<div class=\"elementor-element elementor-element-34eb9f5 e-con-full e-flex e-con e-child\" data-id=\"34eb9f5\" data-element_type=\"container\">\n\t\t\t\t<div class=\"elementor-element elementor-element-e6a4686 elementor-widget elementor-widget-heading\" data-id=\"e6a4686\" data-element_type=\"widget\" data-widget_type=\"heading.default\">\n\t\t\t\t\t<h2 class=\"elementor-heading-title elementor-size-default\">Contact Us Now!<\/h2>\t\t\t\t<\/div>\n\t\t\t\t<div class=\"elementor-element elementor-element-179c6b8 elementor-widget elementor-widget-text-editor\" data-id=\"179c6b8\" data-element_type=\"widget\" data-widget_type=\"text-editor.default\">\n\t\t\t\t\t\t\t\t\t<div class=\"elementor-element elementor-element-427c279 elementor-vertical-align-top elementor-widget elementor-widget-image-box\" data-id=\"427c279\" data-element_type=\"widget\" data-widget_type=\"image-box.default\"><div class=\"elementor-widget-container\"><div class=\"elementor-image-box-wrapper\"><div class=\"elementor-image-box-content\"><h4 class=\"elementor-image-box-title\">Address<\/h4><p class=\"elementor-image-box-description\">5001 Baodai West Road, Mudu Town, Wuzhong District, Suzhou, Jiangsu, China<\/p><p>\u00a0<\/p><\/div><\/div><\/div><\/div><div class=\"elementor-element elementor-element-b1349c5 elementor-vertical-align-top elementor-widget elementor-widget-image-box\" data-id=\"b1349c5\" data-element_type=\"widget\" data-widget_type=\"image-box.default\"><div class=\"elementor-widget-container\"><div class=\"elementor-image-box-wrapper\"><div class=\"elementor-image-box-content\"><h4 class=\"elementor-image-box-title\">Email<\/h4><p class=\"elementor-image-box-description\">jiayi@seppes.com.cn<\/p><\/div><\/div><\/div><\/div><div class=\"elementor-element elementor-element-8791cce elementor-vertical-align-top elementor-widget elementor-widget-image-box\" data-id=\"8791cce\" data-element_type=\"widget\" data-widget_type=\"image-box.default\"><div class=\"elementor-widget-container\"><div class=\"elementor-image-box-wrapper\"><div class=\"elementor-image-box-content\"><h4>\u00a0<\/h4><h4 class=\"elementor-image-box-title\">WhstApp(WeChat)<\/h4><p class=\"elementor-image-box-description\">+86 17706217128<\/p><\/div><\/div><\/div><\/div>\t\t\t\t\t\t\t\t<\/div>\n\t\t\t\t<\/div>\n\t\t<div class=\"elementor-element elementor-element-8392aae e-con-full e-flex e-con e-child\" data-id=\"8392aae\" data-element_type=\"container\">\n\t\t\t\t<div class=\"elementor-element elementor-element-ab40e87 elementor-widget elementor-widget-heading\" data-id=\"ab40e87\" data-element_type=\"widget\" data-widget_type=\"heading.default\">\n\t\t\t\t\t<h4 class=\"elementor-heading-title elementor-size-default\">Get In Touch<\/h4>\t\t\t\t<\/div>\n\t\t\t\t<div class=\"elementor-element elementor-element-90628f7 elementor-widget elementor-widget-sidebar\" data-id=\"90628f7\" data-element_type=\"widget\" data-widget_type=\"sidebar.default\">\n\t\t\t\t\t<aside id=\"block-42\" class=\"widget widget_block\"><\/aside>\t\t\t\t<\/div>\n\t\t\t\t<\/div>\n\t\t\t\t<\/div>\n\t\t\t\t<\/div>\n\t\t\t\t\t<\/div>\n\t\t\t\t<\/div>\n\t\t\t\t<\/div>\n\t\t","protected":false},"excerpt":{"rendered":"<p>SEPPES Fast Roller Shutter Door Engineered for Speed, Durability, and High-Performance Access The Fast Roller Shutter Door is designed for environments that demand quick, efficient, and secure access. With its high-speed opening and closing capabilities, this door provides rapid entry and exit, reducing wait times and improving workflow efficiency in busy industrial and commercial spaces. [&hellip;]<\/p>\n","protected":false},"author":1,"featured_media":0,"parent":0,"menu_order":0,"comment_status":"closed","ping_status":"closed","template":"","meta":{"site-sidebar-layout":"default","site-content-layout":"","ast-site-content-layout":"default","site-content-style":"default","site-sidebar-style":"default","ast-global-header-display":"","ast-banner-title-visibility":"","ast-main-header-display":"","ast-hfb-above-header-display":"","ast-hfb-below-header-display":"","ast-hfb-mobile-header-display":"","site-post-title":"disabled","ast-breadcrumbs-content":"","ast-featured-img":"","footer-sml-layout":"","theme-transparent-header-meta":"","adv-header-id-meta":"","stick-header-meta":"","header-above-stick-meta":"","header-main-stick-meta":"","header-below-stick-meta":"","astra-migrate-meta-layouts":"set","ast-page-background-enabled":"default","ast-page-background-meta":{"desktop":{"background-color":"var(--ast-global-color-4)","background-image":"","background-repeat":"repeat","background-position":"center center","background-size":"auto","background-attachment":"scroll","background-type":"","background-media":"","overlay-type":"","overlay-color":"","overlay-opacity":"","overlay-gradient":""},"tablet":{"background-color":"","background-image":"","background-repeat":"repeat","background-position":"center center","background-size":"auto","background-attachment":"scroll","background-type":"","background-media":"","overlay-type":"","overlay-color":"","overlay-opacity":"","overlay-gradient":""},"mobile":{"background-color":"","background-image":"","background-repeat":"repeat","background-position":"center center","background-size":"auto","background-attachment":"scroll","background-type":"","background-media":"","overlay-type":"","overlay-color":"","overlay-opacity":"","overlay-gradient":""}},"ast-content-background-meta":{"desktop":{"background-color":"var(--ast-global-color-5)","background-image":"","background-repeat":"repeat","background-position":"center center","background-size":"auto","background-attachment":"scroll","background-type":"","background-media":"","overlay-type":"","overlay-color":"","overlay-opacity":"","overlay-gradient":""},"tablet":{"background-color":"var(--ast-global-color-5)","background-image":"","background-repeat":"repeat","background-position":"center center","background-size":"auto","background-attachment":"scroll","background-type":"","background-media":"","overlay-type":"","overlay-color":"","overlay-opacity":"","overlay-gradient":""},"mobile":{"background-color":"var(--ast-global-color-5)","background-image":"","background-repeat":"repeat","background-position":"center center","background-size":"auto","background-attachment":"scroll","background-type":"","background-media":"","overlay-type":"","overlay-color":"","overlay-opacity":"","overlay-gradient":""}},"footnotes":""},"yoast_head":"<!-- This site is optimized with the Yoast SEO plugin v23.7 - https:\/\/yoast.com\/wordpress\/plugins\/seo\/ -->\n<title>Fast Roller Shutter Door - High Speed Door-SEPPES<\/title>\n<meta name=\"description\" content=\"High-speed, durable Fast Roller Shutter Door for industrial and commercial use. Enhance efficiency and security in high-traffic areas.\" \/>\n<meta name=\"robots\" content=\"index, follow, max-snippet:-1, max-image-preview:large, max-video-preview:-1\" \/>\n<link rel=\"canonical\" href=\"https:\/\/workshopdoor.com\/pt\/porta-de-enrolar-rapida-2\/\" \/>\n<meta property=\"og:locale\" content=\"pt_BR\" \/>\n<meta property=\"og:type\" content=\"article\" \/>\n<meta property=\"og:title\" content=\"Fast Roller Shutter Door - High Speed Door-SEPPES\" \/>\n<meta property=\"og:description\" content=\"High-speed, durable Fast Roller Shutter Door for industrial and commercial use. Enhance efficiency and security in high-traffic areas.\" \/>\n<meta property=\"og:url\" content=\"https:\/\/workshopdoor.com\/pt\/porta-de-enrolar-rapida-2\/\" \/>\n<meta property=\"og:site_name\" content=\"High Speed Door-SEPPES\" \/>\n<meta property=\"article:modified_time\" content=\"2024-12-30T05:49:01+00:00\" \/>\n<meta property=\"og:image\" content=\"https:\/\/workshopdoor.com\/wp-content\/uploads\/2024\/12\/rapid-roller-shutter-door.jpg\" \/>\n\t<meta property=\"og:image:width\" content=\"600\" \/>\n\t<meta property=\"og:image:height\" content=\"400\" \/>\n\t<meta property=\"og:image:type\" content=\"image\/jpeg\" \/>\n<meta name=\"twitter:card\" content=\"summary_large_image\" \/>\n<meta name=\"twitter:label1\" content=\"Est. tempo de leitura\" \/>\n\t<meta name=\"twitter:data1\" content=\"2 minutos\" \/>\n<script type=\"application\/ld+json\" class=\"yoast-schema-graph\">{\"@context\":\"https:\/\/schema.org\",\"@graph\":[{\"@type\":\"WebPage\",\"@id\":\"https:\/\/workshopdoor.com\/fast-roller-shutter-door\/\",\"url\":\"https:\/\/workshopdoor.com\/fast-roller-shutter-door\/\",\"name\":\"Fast Roller Shutter Door - High Speed Door-SEPPES\",\"isPartOf\":{\"@id\":\"https:\/\/workshopdoor.com\/#website\"},\"primaryImageOfPage\":{\"@id\":\"https:\/\/workshopdoor.com\/fast-roller-shutter-door\/#primaryimage\"},\"image\":{\"@id\":\"https:\/\/workshopdoor.com\/fast-roller-shutter-door\/#primaryimage\"},\"thumbnailUrl\":\"https:\/\/workshopdoor.com\/wp-content\/uploads\/2024\/12\/rapid-roller-shutter-door.jpg\",\"datePublished\":\"2024-12-23T07:46:13+00:00\",\"dateModified\":\"2024-12-30T05:49:01+00:00\",\"description\":\"High-speed, durable Fast Roller Shutter Door for industrial and commercial use. Enhance efficiency and security in high-traffic areas.\",\"breadcrumb\":{\"@id\":\"https:\/\/workshopdoor.com\/fast-roller-shutter-door\/#breadcrumb\"},\"inLanguage\":\"pt-BR\",\"potentialAction\":[{\"@type\":\"ReadAction\",\"target\":[\"https:\/\/workshopdoor.com\/fast-roller-shutter-door\/\"]}]},{\"@type\":\"ImageObject\",\"inLanguage\":\"pt-BR\",\"@id\":\"https:\/\/workshopdoor.com\/fast-roller-shutter-door\/#primaryimage\",\"url\":\"https:\/\/workshopdoor.com\/wp-content\/uploads\/2024\/12\/rapid-roller-shutter-door.jpg\",\"contentUrl\":\"https:\/\/workshopdoor.com\/wp-content\/uploads\/2024\/12\/rapid-roller-shutter-door.jpg\"},{\"@type\":\"BreadcrumbList\",\"@id\":\"https:\/\/workshopdoor.com\/fast-roller-shutter-door\/#breadcrumb\",\"itemListElement\":[{\"@type\":\"ListItem\",\"position\":1,\"name\":\"Home\",\"item\":\"https:\/\/workshopdoor.com\/\"},{\"@type\":\"ListItem\",\"position\":2,\"name\":\"Fast Roller Shutter Door\"}]},{\"@type\":\"WebSite\",\"@id\":\"https:\/\/workshopdoor.com\/#website\",\"url\":\"https:\/\/workshopdoor.com\/\",\"name\":\"SEPPES Industrial Door\",\"description\":\"\",\"publisher\":{\"@id\":\"https:\/\/workshopdoor.com\/#organization\"},\"potentialAction\":[{\"@type\":\"SearchAction\",\"target\":{\"@type\":\"EntryPoint\",\"urlTemplate\":\"https:\/\/workshopdoor.com\/?s={search_term_string}\"},\"query-input\":{\"@type\":\"PropertyValueSpecification\",\"valueRequired\":true,\"valueName\":\"search_term_string\"}}],\"inLanguage\":\"pt-BR\"},{\"@type\":\"Organization\",\"@id\":\"https:\/\/workshopdoor.com\/#organization\",\"name\":\"SEPPES Industrial Door\",\"url\":\"https:\/\/workshopdoor.com\/\",\"logo\":{\"@type\":\"ImageObject\",\"inLanguage\":\"pt-BR\",\"@id\":\"https:\/\/workshopdoor.com\/#\/schema\/logo\/image\/\",\"url\":\"https:\/\/workshopdoor.com\/wp-content\/uploads\/2024\/11\/cropped-spees-door-company-logo.png\",\"contentUrl\":\"https:\/\/workshopdoor.com\/wp-content\/uploads\/2024\/11\/cropped-spees-door-company-logo.png\",\"width\":4960,\"height\":1652,\"caption\":\"SEPPES Industrial Door\"},\"image\":{\"@id\":\"https:\/\/workshopdoor.com\/#\/schema\/logo\/image\/\"}}]}<\/script>\n<!-- \/ Yoast SEO plugin. -->","yoast_head_json":{"title":"Porta de Enrolar R\u00e1pida - Porta de Alta Velocidade - SEPPES","description":"Porta de enrolar r\u00e1pida de alta velocidade e durabilidade para uso industrial e comercial. Aumente a efici\u00eancia e a seguran\u00e7a em \u00e1reas de alto tr\u00e1fego.","robots":{"index":"index","follow":"follow","max-snippet":"max-snippet:-1","max-image-preview":"max-image-preview:large","max-video-preview":"max-video-preview:-1"},"canonical":"https:\/\/workshopdoor.com\/pt\/porta-de-enrolar-rapida-2\/","og_locale":"pt_BR","og_type":"article","og_title":"Fast Roller Shutter Door - High Speed Door-SEPPES","og_description":"High-speed, durable Fast Roller Shutter Door for industrial and commercial use. Enhance efficiency and security in high-traffic areas.","og_url":"https:\/\/workshopdoor.com\/pt\/porta-de-enrolar-rapida-2\/","og_site_name":"High Speed Door-SEPPES","article_modified_time":"2024-12-30T05:49:01+00:00","og_image":[{"width":600,"height":400,"url":"https:\/\/workshopdoor.com\/wp-content\/uploads\/2024\/12\/rapid-roller-shutter-door.jpg","type":"image\/jpeg"}],"twitter_card":"summary_large_image","twitter_misc":{"Est. tempo de leitura":"2 minutos"},"schema":{"@context":"https:\/\/schema.org","@graph":[{"@type":"WebPage","@id":"https:\/\/workshopdoor.com\/fast-roller-shutter-door\/","url":"https:\/\/workshopdoor.com\/fast-roller-shutter-door\/","name":"Porta de Enrolar R\u00e1pida - Porta de Alta Velocidade - SEPPES","isPartOf":{"@id":"https:\/\/workshopdoor.com\/#website"},"primaryImageOfPage":{"@id":"https:\/\/workshopdoor.com\/fast-roller-shutter-door\/#primaryimage"},"image":{"@id":"https:\/\/workshopdoor.com\/fast-roller-shutter-door\/#primaryimage"},"thumbnailUrl":"https:\/\/workshopdoor.com\/wp-content\/uploads\/2024\/12\/rapid-roller-shutter-door.jpg","datePublished":"2024-12-23T07:46:13+00:00","dateModified":"2024-12-30T05:49:01+00:00","description":"Porta de enrolar r\u00e1pida de alta velocidade e durabilidade para uso industrial e comercial. Aumente a efici\u00eancia e a seguran\u00e7a em \u00e1reas de alto tr\u00e1fego.","breadcrumb":{"@id":"https:\/\/workshopdoor.com\/fast-roller-shutter-door\/#breadcrumb"},"inLanguage":"pt-BR","potentialAction":[{"@type":"ReadAction","target":["https:\/\/workshopdoor.com\/fast-roller-shutter-door\/"]}]},{"@type":"ImageObject","inLanguage":"pt-BR","@id":"https:\/\/workshopdoor.com\/fast-roller-shutter-door\/#primaryimage","url":"https:\/\/workshopdoor.com\/wp-content\/uploads\/2024\/12\/rapid-roller-shutter-door.jpg","contentUrl":"https:\/\/workshopdoor.com\/wp-content\/uploads\/2024\/12\/rapid-roller-shutter-door.jpg"},{"@type":"BreadcrumbList","@id":"https:\/\/workshopdoor.com\/fast-roller-shutter-door\/#breadcrumb","itemListElement":[{"@type":"ListItem","position":1,"name":"Home","item":"https:\/\/workshopdoor.com\/"},{"@type":"ListItem","position":2,"name":"Fast Roller Shutter Door"}]},{"@type":"WebSite","@id":"https:\/\/workshopdoor.com\/#website","url":"https:\/\/workshopdoor.com\/","name":"SEPPES Porta Industrial","description":"","publisher":{"@id":"https:\/\/workshopdoor.com\/#organization"},"potentialAction":[{"@type":"SearchAction","target":{"@type":"EntryPoint","urlTemplate":"https:\/\/workshopdoor.com\/?s={search_term_string}"},"query-input":{"@type":"PropertyValueSpecification","valueRequired":true,"valueName":"search_term_string"}}],"inLanguage":"pt-BR"},{"@type":"Organization","@id":"https:\/\/workshopdoor.com\/#organization","name":"SEPPES Porta Industrial","url":"https:\/\/workshopdoor.com\/","logo":{"@type":"ImageObject","inLanguage":"pt-BR","@id":"https:\/\/workshopdoor.com\/#\/schema\/logo\/image\/","url":"https:\/\/workshopdoor.com\/wp-content\/uploads\/2024\/11\/cropped-spees-door-company-logo.png","contentUrl":"https:\/\/workshopdoor.com\/wp-content\/uploads\/2024\/11\/cropped-spees-door-company-logo.png","width":4960,"height":1652,"caption":"SEPPES Industrial Door"},"image":{"@id":"https:\/\/workshopdoor.com\/#\/schema\/logo\/image\/"}}]}},"_links":{"self":[{"href":"https:\/\/workshopdoor.com\/pt\/wp-json\/wp\/v2\/pages\/5689"}],"collection":[{"href":"https:\/\/workshopdoor.com\/pt\/wp-json\/wp\/v2\/pages"}],"about":[{"href":"https:\/\/workshopdoor.com\/pt\/wp-json\/wp\/v2\/types\/page"}],"author":[{"embeddable":true,"href":"https:\/\/workshopdoor.com\/pt\/wp-json\/wp\/v2\/users\/1"}],"replies":[{"embeddable":true,"href":"https:\/\/workshopdoor.com\/pt\/wp-json\/wp\/v2\/comments?post=5689"}],"version-history":[{"count":19,"href":"https:\/\/workshopdoor.com\/pt\/wp-json\/wp\/v2\/pages\/5689\/revisions"}],"predecessor-version":[{"id":5808,"href":"https:\/\/workshopdoor.com\/pt\/wp-json\/wp\/v2\/pages\/5689\/revisions\/5808"}],"wp:attachment":[{"href":"https:\/\/workshopdoor.com\/pt\/wp-json\/wp\/v2\/media?parent=5689"}],"curies":[{"name":"wp","href":"https:\/\/api.w.org\/{rel}","templated":true}]}}