{"id":6133,"date":"2025-01-15T14:51:35","date_gmt":"2025-01-15T06:51:35","guid":{"rendered":"https:\/\/workshopdoor.com\/?page_id=6133"},"modified":"2025-01-15T15:17:39","modified_gmt":"2025-01-15T07:17:39","slug":"dok-zaladunkowy-ciezarowek","status":"publish","type":"page","link":"https:\/\/workshopdoor.com\/pl\/truck-loading-dock\/","title":{"rendered":"Dok za\u0142adunkowy dla ci\u0119\u017car\u00f3wek"},"content":{"rendered":"\t\t<div data-elementor-type=\"wp-page\" data-elementor-id=\"6133\" class=\"elementor elementor-6133\" data-elementor-post-type=\"page\">\n\t\t\t\t<div class=\"elementor-element elementor-element-f06d34c e-con-full e-flex e-con e-parent\" data-id=\"f06d34c\" data-element_type=\"container\" data-e-type=\"container\" data-settings=\"{&quot;background_background&quot;:&quot;classic&quot;,&quot;background_motion_fx_motion_fx_scrolling&quot;:&quot;yes&quot;,&quot;background_motion_fx_devices&quot;:[&quot;desktop&quot;,&quot;tablet&quot;,&quot;mobile&quot;]}\">\n\t\t\t\t<div class=\"elementor-element elementor-element-825d178 elementor-widget elementor-widget-heading\" data-id=\"825d178\" data-element_type=\"widget\" data-e-type=\"widget\" data-widget_type=\"heading.default\">\n\t\t\t\t\t<h1 class=\"elementor-heading-title elementor-size-default\">SEPPES \nTruck Loading Dock<\/h1>\t\t\t\t<\/div>\n\t\t\t\t<div class=\"elementor-element elementor-element-ee0c8e6 elementor-widget elementor-widget-heading\" data-id=\"ee0c8e6\" data-element_type=\"widget\" data-e-type=\"widget\" data-widget_type=\"heading.default\">\n\t\t\t\t\t<h2 class=\"elementor-heading-title elementor-size-default\">Optimizing Logistics Operations with Safe and Seamless Transitions<\/h2>\t\t\t\t<\/div>\n\t\t\t\t<\/div>\n\t\t<div class=\"elementor-element elementor-element-884db5a e-flex e-con-boxed e-con e-parent\" data-id=\"884db5a\" data-element_type=\"container\" data-e-type=\"container\">\n\t\t\t\t\t<div class=\"e-con-inner\">\n\t\t\t\t<div class=\"elementor-element elementor-element-db8ccf3 elementor-widget elementor-widget-text-editor\" data-id=\"db8ccf3\" data-element_type=\"widget\" data-e-type=\"widget\" data-widget_type=\"text-editor.default\">\n\t\t\t\t\t\t\t\t\t<p>In the fast-paced <strong>logistics industry<\/strong>, where every minute counts, having an efficient <strong>truck loading dock<\/strong> is essential to ensure <strong>quick, safe, and damage-free loading and unloading<\/strong> processes. As warehouses and distribution centers handle <strong>diverse truck sizes<\/strong> and <strong>varied cargo types<\/strong>, a well-designed loading dock reduces <strong>operational delays<\/strong> and enhances <strong>workflow efficiency<\/strong>.<\/p><p>The <strong>truck loading dock<\/strong> is not just a platform for transferring goods; it is a <strong>critical point of connection<\/strong> between your warehouse and your supply chain. Ensuring that this connection is <strong>secure, adaptable, and capable of handling heavy loads<\/strong> directly impacts the <strong>productivity, safety, and cost-effectiveness<\/strong> of your operations.<\/p>\t\t\t\t\t\t\t\t<\/div>\n\t\t\t\t\t<\/div>\n\t\t\t\t<\/div>\n\t\t<div class=\"elementor-element elementor-element-3ae90a6 e-flex e-con-boxed e-con e-parent\" data-id=\"3ae90a6\" data-element_type=\"container\" data-e-type=\"container\">\n\t\t\t\t\t<div class=\"e-con-inner\">\n\t\t\t\t<div class=\"elementor-element elementor-element-dd6e527 elementor-widget elementor-widget-heading\" data-id=\"dd6e527\" data-element_type=\"widget\" data-e-type=\"widget\" data-widget_type=\"heading.default\">\n\t\t\t\t\t<h2 class=\"elementor-heading-title elementor-size-default\">Why Is a Truck Loading Dock Critical for the Logistics Industry?<\/h2>\t\t\t\t<\/div>\n\t\t\t\t\t<\/div>\n\t\t\t\t<\/div>\n\t\t<div class=\"elementor-element elementor-element-d08fecb e-flex e-con-boxed e-con e-parent\" data-id=\"d08fecb\" data-element_type=\"container\" data-e-type=\"container\">\n\t\t\t\t\t<div class=\"e-con-inner\">\n\t\t\t\t<div class=\"elementor-element elementor-element-9f8a7a9 elementor-widget elementor-widget-text-editor\" data-id=\"9f8a7a9\" data-element_type=\"widget\" data-e-type=\"widget\" data-widget_type=\"text-editor.default\">\n\t\t\t\t\t\t\t\t\t<p>In<a href=\"https:\/\/workshopdoor.com\/logistics-industry\/\" target=\"_blank\" rel=\"noopener\"><b> logistics hubs<\/b><\/a>, trucks of various heights and designs arrive throughout the day. Without a proper loading dock, the <strong>height mismatch between the truck bed and warehouse floor<\/strong> can cause delays, <strong>product damage<\/strong>, or even <strong>worker injuries<\/strong>. A <strong>truck loading dock<\/strong> equipped with <strong>height-adjustable levelers<\/strong> ensures that <strong>cargo flows smoothly<\/strong> regardless of the truck\u2019s design.<\/p><p>Logistics operators are also concerned about <strong>cargo security<\/strong> during handling. A <strong>secure dock setup<\/strong> with safety features such as <strong>dock locks, bumpers, and anti-slip platforms<\/strong> minimizes <strong>risks associated with shifting loads<\/strong> and enhances <strong>worker safety<\/strong> during busy operations.<\/p>\t\t\t\t\t\t\t\t<\/div>\n\t\t\t\t\t<\/div>\n\t\t\t\t<\/div>\n\t\t<div class=\"elementor-element elementor-element-15afdcc e-flex e-con-boxed e-con e-parent\" data-id=\"15afdcc\" data-element_type=\"container\" data-e-type=\"container\">\n\t\t\t\t\t<div class=\"e-con-inner\">\n\t\t<div class=\"elementor-element elementor-element-f115604 e-con-full e-flex e-con e-child\" data-id=\"f115604\" data-element_type=\"container\" data-e-type=\"container\" data-settings=\"{&quot;background_background&quot;:&quot;classic&quot;}\">\n\t\t<div class=\"elementor-element elementor-element-78ad4c9 e-con-full e-flex e-con e-child\" data-id=\"78ad4c9\" data-element_type=\"container\" data-e-type=\"container\">\n\t\t\t\t<div class=\"elementor-element elementor-element-4fc8e58 elementor-widget elementor-widget-heading\" data-id=\"4fc8e58\" data-element_type=\"widget\" data-e-type=\"widget\" data-widget_type=\"heading.default\">\n\t\t\t\t\t<h3 class=\"elementor-heading-title elementor-size-default\">Get The Best \nTruck Loading Dock for Your Building!<\/h3>\t\t\t\t<\/div>\n\t\t\t\t<div class=\"elementor-element elementor-element-51927ac elementor-widget elementor-widget-text-editor\" data-id=\"51927ac\" data-element_type=\"widget\" data-e-type=\"widget\" data-widget_type=\"text-editor.default\">\n\t\t\t\t\t\t\t\t\t<p>One out of every seven Fortune 500 companies chooses SEPPES<\/p>\t\t\t\t\t\t\t\t<\/div>\n\t\t\t\t<\/div>\n\t\t<div class=\"elementor-element elementor-element-78ae44c e-con-full e-flex e-con e-child\" data-id=\"78ae44c\" data-element_type=\"container\" data-e-type=\"container\">\n\t\t\t\t<div class=\"elementor-element elementor-element-4005ded elementor-align-center elementor-widget elementor-widget-button\" data-id=\"4005ded\" data-element_type=\"widget\" data-e-type=\"widget\" data-widget_type=\"button.default\">\n\t\t\t\t\t\t\t\t\t\t<a class=\"elementor-button elementor-button-link elementor-size-sm\" href=\"#elementor-action%3Aaction%3Dpopup%3Aopen%26settings%3DeyJpZCI6IjE4OTkiLCJ0b2dnbGUiOmZhbHNlfQ%3D%3D\">\n\t\t\t\t\t\t<span class=\"elementor-button-content-wrapper\">\n\t\t\t\t\t\t\t\t\t<span class=\"elementor-button-text\">Contact  Us<\/span>\n\t\t\t\t\t<\/span>\n\t\t\t\t\t<\/a>\n\t\t\t\t\t\t\t\t<\/div>\n\t\t\t\t<\/div>\n\t\t\t\t<\/div>\n\t\t\t\t\t<\/div>\n\t\t\t\t<\/div>\n\t\t<div class=\"elementor-element elementor-element-658173d e-flex e-con-boxed e-con e-parent\" data-id=\"658173d\" data-element_type=\"container\" data-e-type=\"container\">\n\t\t\t\t\t<div class=\"e-con-inner\">\n\t\t\t\t<div class=\"elementor-element elementor-element-211af54 elementor-widget elementor-widget-heading\" data-id=\"211af54\" data-element_type=\"widget\" data-e-type=\"widget\" data-widget_type=\"heading.default\">\n\t\t\t\t\t<h2 class=\"elementor-heading-title elementor-size-default\">Application in the Logistics Industry<\/h2>\t\t\t\t<\/div>\n\t\t\t\t\t<\/div>\n\t\t\t\t<\/div>\n\t\t<div class=\"elementor-element elementor-element-329b043 e-flex e-con-boxed e-con e-parent\" data-id=\"329b043\" data-element_type=\"container\" data-e-type=\"container\">\n\t\t\t\t\t<div class=\"e-con-inner\">\n\t\t\t\t<div class=\"elementor-element elementor-element-fa71361 elementor-widget elementor-widget-text-editor\" data-id=\"fa71361\" data-element_type=\"widget\" data-e-type=\"widget\" data-widget_type=\"text-editor.default\">\n\t\t\t\t\t\t\t\t\t<ul><li><strong>Distribution Centers<\/strong>: Helps handle high-volume, multi-truck shipments, ensuring fast turnover and preventing bottlenecks during peak hours.<\/li><li><strong>Third-Party Logistics (3PL) Providers<\/strong>: Ensures compatibility with a wide range of truck types from different clients, improving service efficiency.<\/li><li><strong>E-commerce Warehouses<\/strong>: Supports the rapid transfer of goods to delivery vehicles, maintaining the speed required in last-mile logistics.<\/li><li><strong>Freight Forwarding<\/strong>: Provides a stable platform for handling <strong>oversized or palletized cargo<\/strong>, reducing damage risks during transfers.<\/li><\/ul>\t\t\t\t\t\t\t\t<\/div>\n\t\t\t\t\t<\/div>\n\t\t\t\t<\/div>\n\t\t<div class=\"elementor-element elementor-element-a3364d1 e-flex e-con-boxed e-con e-parent\" data-id=\"a3364d1\" data-element_type=\"container\" data-e-type=\"container\">\n\t\t\t\t\t<div class=\"e-con-inner\">\n\t\t\t\t<div class=\"elementor-element elementor-element-4b27749 elementor-widget elementor-widget-image\" data-id=\"4b27749\" data-element_type=\"widget\" data-e-type=\"widget\" data-widget_type=\"image.default\">\n\t\t\t\t\t\t\t\t\t\t\t\t\t\t\t<img fetchpriority=\"high\" decoding=\"async\" width=\"300\" height=\"300\" src=\"https:\/\/workshopdoor.com\/wp-content\/uploads\/2025\/01\/truck-loading-dock-300x300.jpg\" class=\"attachment-medium size-medium wp-image-6152\" alt=\"truck loading dock\" srcset=\"https:\/\/workshopdoor.com\/wp-content\/uploads\/2025\/01\/truck-loading-dock-300x300.jpg 300w, https:\/\/workshopdoor.com\/wp-content\/uploads\/2025\/01\/truck-loading-dock-150x150.jpg 150w, https:\/\/workshopdoor.com\/wp-content\/uploads\/2025\/01\/truck-loading-dock-768x768.jpg 768w, https:\/\/workshopdoor.com\/wp-content\/uploads\/2025\/01\/truck-loading-dock.jpg 834w\" sizes=\"(max-width: 300px) 100vw, 300px\" \/>\t\t\t\t\t\t\t\t\t\t\t\t\t\t\t<\/div>\n\t\t\t\t\t<\/div>\n\t\t\t\t<\/div>\n\t\t<div class=\"elementor-element elementor-element-b73f54e e-flex e-con-boxed e-con e-parent\" data-id=\"b73f54e\" data-element_type=\"container\" data-e-type=\"container\">\n\t\t\t\t\t<div class=\"e-con-inner\">\n\t\t\t\t<div class=\"elementor-element elementor-element-2936fe0 elementor-widget elementor-widget-heading\" data-id=\"2936fe0\" data-element_type=\"widget\" data-e-type=\"widget\" data-widget_type=\"heading.default\">\n\t\t\t\t\t<h2 class=\"elementor-heading-title elementor-size-default\">Key Benefits for Logistics Operators<\/h2>\t\t\t\t<\/div>\n\t\t\t\t<div class=\"elementor-element elementor-element-ce1bedb elementor-widget elementor-widget-text-editor\" data-id=\"ce1bedb\" data-element_type=\"widget\" data-e-type=\"widget\" data-widget_type=\"text-editor.default\">\n\t\t\t\t\t\t\t\t\t<p>\u2705 <strong>Time-Saving Efficiency<\/strong>: Reduces loading and unloading time, improving truck turnaround rates.<br \/>\u2705 <strong>Versatile and Adaptable<\/strong>: Accommodates various truck heights and cargo types, offering flexibility in operations.<br \/>\u2705 <strong>Enhanced Safety<\/strong>: Reduces the risk of cargo damage and worker injuries with secure docking solutions.<br \/>\u2705 <strong>Cost-Effective Solution<\/strong>: Minimizes downtime, labor costs, and operational disruptions.<br \/>\u2705 <strong>Durability for Heavy Use<\/strong>: Built to withstand the rigors of high-volume logistics environments.<\/p>\t\t\t\t\t\t\t\t<\/div>\n\t\t\t\t\t<\/div>\n\t\t\t\t<\/div>\n\t\t<div class=\"elementor-element elementor-element-b03ff01 e-flex e-con-boxed e-con e-parent\" data-id=\"b03ff01\" data-element_type=\"container\" data-e-type=\"container\">\n\t\t\t\t\t<div class=\"e-con-inner\">\n\t\t\t\t<div class=\"elementor-element elementor-element-ed8f3f3 elementor-widget elementor-widget-text-editor\" data-id=\"ed8f3f3\" data-element_type=\"widget\" data-e-type=\"widget\" data-widget_type=\"text-editor.default\">\n\t\t\t\t\t\t\t\t\t<p>A <strong>truck loading dock<\/strong> is more than a simple platform\u2014it\u2019s a <strong>strategic tool<\/strong> that supports <strong>smooth, efficient, and safe logistics operations<\/strong>. Whether you\u2019re managing a <strong>global supply chain<\/strong> or <strong>regional distribution<\/strong>, having the right dock setup can make a <strong>significant difference<\/strong> in your <strong>operational success<\/strong>.<\/p><p><strong>Optimize your loading dock today<\/strong> to stay ahead in the <strong>competitive logistics industry<\/strong>!<\/p>\t\t\t\t\t\t\t\t<\/div>\n\t\t\t\t\t<\/div>\n\t\t\t\t<\/div>\n\t\t<div class=\"elementor-element elementor-element-1c092ac e-flex e-con-boxed e-con e-parent\" data-id=\"1c092ac\" data-element_type=\"container\" data-e-type=\"container\">\n\t\t\t\t\t<div class=\"e-con-inner\">\n\t\t<div class=\"elementor-element elementor-element-7d7f7e4 e-con-full e-flex e-con e-child\" data-id=\"7d7f7e4\" data-element_type=\"container\" data-e-type=\"container\">\n\t\t<div class=\"elementor-element elementor-element-e73a69b e-con-full e-flex e-con e-child\" data-id=\"e73a69b\" data-element_type=\"container\" data-e-type=\"container\" data-settings=\"{&quot;background_background&quot;:&quot;classic&quot;}\">\n\t\t<div class=\"elementor-element elementor-element-34eb9f5 e-con-full e-flex e-con e-child\" data-id=\"34eb9f5\" data-element_type=\"container\" data-e-type=\"container\">\n\t\t\t\t<div class=\"elementor-element elementor-element-e6a4686 elementor-widget elementor-widget-heading\" data-id=\"e6a4686\" data-element_type=\"widget\" data-e-type=\"widget\" data-widget_type=\"heading.default\">\n\t\t\t\t\t<h2 class=\"elementor-heading-title elementor-size-default\">Contact Us Now!<\/h2>\t\t\t\t<\/div>\n\t\t\t\t<div class=\"elementor-element elementor-element-179c6b8 elementor-widget elementor-widget-text-editor\" data-id=\"179c6b8\" data-element_type=\"widget\" data-e-type=\"widget\" data-widget_type=\"text-editor.default\">\n\t\t\t\t\t\t\t\t\t<div class=\"elementor-element elementor-element-427c279 elementor-vertical-align-top elementor-widget elementor-widget-image-box\" data-id=\"427c279\" data-element_type=\"widget\" data-widget_type=\"image-box.default\"><div class=\"elementor-widget-container\"><div class=\"elementor-image-box-wrapper\"><div class=\"elementor-image-box-content\"><h4 class=\"elementor-image-box-title\">Address<\/h4><p class=\"elementor-image-box-description\">5001 Baodai West Road, Mudu Town, Wuzhong District, Suzhou, Jiangsu, China<\/p><p>\u00a0<\/p><\/div><\/div><\/div><\/div><div class=\"elementor-element elementor-element-b1349c5 elementor-vertical-align-top elementor-widget elementor-widget-image-box\" data-id=\"b1349c5\" data-element_type=\"widget\" data-widget_type=\"image-box.default\"><div class=\"elementor-widget-container\"><div class=\"elementor-image-box-wrapper\"><div class=\"elementor-image-box-content\"><h4 class=\"elementor-image-box-title\">Email<\/h4><p class=\"elementor-image-box-description\">jiayi@seppes.com.cn<\/p><\/div><\/div><\/div><\/div><div class=\"elementor-element elementor-element-8791cce elementor-vertical-align-top elementor-widget elementor-widget-image-box\" data-id=\"8791cce\" data-element_type=\"widget\" data-widget_type=\"image-box.default\"><div class=\"elementor-widget-container\"><div class=\"elementor-image-box-wrapper\"><div class=\"elementor-image-box-content\"><h4>\u00a0<\/h4><h4 class=\"elementor-image-box-title\">WhstApp(WeChat)<\/h4><p class=\"elementor-image-box-description\">+86 17706217128<\/p><\/div><\/div><\/div><\/div>\t\t\t\t\t\t\t\t<\/div>\n\t\t\t\t<\/div>\n\t\t<div class=\"elementor-element elementor-element-8392aae e-con-full e-flex e-con e-child\" data-id=\"8392aae\" data-element_type=\"container\" data-e-type=\"container\">\n\t\t\t\t<div class=\"elementor-element elementor-element-ab40e87 elementor-widget elementor-widget-heading\" data-id=\"ab40e87\" data-element_type=\"widget\" data-e-type=\"widget\" data-widget_type=\"heading.default\">\n\t\t\t\t\t<h4 class=\"elementor-heading-title elementor-size-default\">Get In Touch<\/h4>\t\t\t\t<\/div>\n\t\t\t\t<div class=\"elementor-element elementor-element-90628f7 elementor-widget elementor-widget-sidebar\" data-id=\"90628f7\" data-element_type=\"widget\" data-e-type=\"widget\" data-widget_type=\"sidebar.default\">\n\t\t\t\t\t<aside id=\"block-42\" class=\"widget widget_block\"><\/aside>\t\t\t\t<\/div>\n\t\t\t\t<\/div>\n\t\t\t\t<\/div>\n\t\t\t\t<\/div>\n\t\t\t\t\t<\/div>\n\t\t\t\t<\/div>\n\t\t\t\t<\/div>\n\t\t","protected":false},"excerpt":{"rendered":"<p>SEPPES Truck Loading Dock Optimizing Logistics Operations with Safe and Seamless Transitions In the fast-paced logistics industry, where every minute counts, having an efficient truck loading dock is essential to ensure quick, safe, and damage-free loading and unloading processes. As warehouses and distribution centers handle diverse truck sizes and varied cargo types, a well-designed loading [&hellip;]<\/p>\n","protected":false},"author":1,"featured_media":0,"parent":0,"menu_order":0,"comment_status":"closed","ping_status":"closed","template":"","meta":{"site-sidebar-layout":"default","site-content-layout":"","ast-site-content-layout":"default","site-content-style":"default","site-sidebar-style":"default","ast-global-header-display":"","ast-banner-title-visibility":"","ast-main-header-display":"","ast-hfb-above-header-display":"","ast-hfb-below-header-display":"","ast-hfb-mobile-header-display":"","site-post-title":"disabled","ast-breadcrumbs-content":"","ast-featured-img":"","footer-sml-layout":"","ast-disable-related-posts":"","theme-transparent-header-meta":"","adv-header-id-meta":"","stick-header-meta":"","header-above-stick-meta":"","header-main-stick-meta":"","header-below-stick-meta":"","astra-migrate-meta-layouts":"set","ast-page-background-enabled":"default","ast-page-background-meta":{"desktop":{"background-color":"var(--ast-global-color-5)","background-image":"","background-repeat":"repeat","background-position":"center center","background-size":"auto","background-attachment":"scroll","background-type":"","background-media":"","overlay-type":"","overlay-color":"","overlay-opacity":"","overlay-gradient":""},"tablet":{"background-color":"","background-image":"","background-repeat":"repeat","background-position":"center center","background-size":"auto","background-attachment":"scroll","background-type":"","background-media":"","overlay-type":"","overlay-color":"","overlay-opacity":"","overlay-gradient":""},"mobile":{"background-color":"","background-image":"","background-repeat":"repeat","background-position":"center center","background-size":"auto","background-attachment":"scroll","background-type":"","background-media":"","overlay-type":"","overlay-color":"","overlay-opacity":"","overlay-gradient":""}},"ast-content-background-meta":{"desktop":{"background-color":"var(--ast-global-color-4)","background-image":"","background-repeat":"repeat","background-position":"center center","background-size":"auto","background-attachment":"scroll","background-type":"","background-media":"","overlay-type":"","overlay-color":"","overlay-opacity":"","overlay-gradient":""},"tablet":{"background-color":"var(--ast-global-color-4)","background-image":"","background-repeat":"repeat","background-position":"center center","background-size":"auto","background-attachment":"scroll","background-type":"","background-media":"","overlay-type":"","overlay-color":"","overlay-opacity":"","overlay-gradient":""},"mobile":{"background-color":"var(--ast-global-color-4)","background-image":"","background-repeat":"repeat","background-position":"center center","background-size":"auto","background-attachment":"scroll","background-type":"","background-media":"","overlay-type":"","overlay-color":"","overlay-opacity":"","overlay-gradient":""}},"footnotes":""},"class_list":["post-6133","page","type-page","status-publish","hentry"],"_links":{"self":[{"href":"https:\/\/workshopdoor.com\/pl\/wp-json\/wp\/v2\/pages\/6133","targetHints":{"allow":["GET"]}}],"collection":[{"href":"https:\/\/workshopdoor.com\/pl\/wp-json\/wp\/v2\/pages"}],"about":[{"href":"https:\/\/workshopdoor.com\/pl\/wp-json\/wp\/v2\/types\/page"}],"author":[{"embeddable":true,"href":"https:\/\/workshopdoor.com\/pl\/wp-json\/wp\/v2\/users\/1"}],"replies":[{"embeddable":true,"href":"https:\/\/workshopdoor.com\/pl\/wp-json\/wp\/v2\/comments?post=6133"}],"version-history":[{"count":4,"href":"https:\/\/workshopdoor.com\/pl\/wp-json\/wp\/v2\/pages\/6133\/revisions"}],"predecessor-version":[{"id":6155,"href":"https:\/\/workshopdoor.com\/pl\/wp-json\/wp\/v2\/pages\/6133\/revisions\/6155"}],"wp:attachment":[{"href":"https:\/\/workshopdoor.com\/pl\/wp-json\/wp\/v2\/media?parent=6133"}],"curies":[{"name":"wp","href":"https:\/\/api.w.org\/{rel}","templated":true}]}}